{"id":1061,"date":"2021-02-08T21:21:00","date_gmt":"2021-02-09T00:21:00","guid":{"rendered":"https:\/\/ifdctchamical-lrj.infd.edu.ar\/sitio\/?page_id=1061"},"modified":"2021-02-08T21:23:21","modified_gmt":"2021-02-09T00:23:21","slug":"profesorado-de-educacion-secundaria-en-matematica","status":"publish","type":"page","link":"https:\/\/ifdctchamical-lrj.infd.edu.ar\/sitio\/profesorado-de-educacion-secundaria-en-matematica\/","title":{"rendered":"Profesorado de Educaci\u00f3n Secundaria en Matem\u00e1tica"},"content":{"rendered":"<p><img decoding=\"async\" loading=\"lazy\" class=\"wp-image-950 alignnone\" src=\"https:\/\/ifdctchamical-lrj.infd.edu.ar\/sitio\/wp-content\/uploads\/2020\/08\/Imagen-Prof.-de-Matematica.png\" alt=\"\" width=\"485\" height=\"258\" \/><\/p>\n<p>La propuesta se inscribe dentro de una oferta de formaci\u00f3n continua que responde a las demandas y problem\u00e1ticas propias del sistema educativo de la provincia, en este caso la gran cantidad de cargos docentes asignados a profesionales que no cuentan con la formaci\u00f3n pedag\u00f3gico-did\u00e1ctica correspondiente para la Educaci\u00f3n Secundaria.<\/p>\n<p>La finalidad general es aportar a la profesionalidad docente propiciando la construcci\u00f3n de un sistema de saberes de diverso orden que nutra el an\u00e1lisis de la realidad educativa y escolar, adem\u00e1s de aportar a la construcci\u00f3n de propuestas de intervenci\u00f3n docente. Este proceso requiere la movilizaci\u00f3n de las formas de pensar, de sentir y de actuar que se han formado en la propia experiencia como estudiante y como docente.<\/p>\n<p>Se pretende generar articulaciones permanentes entre el tratamiento de los temas de cada m\u00f3dulo y el desarrollo de la pr\u00e1ctica docente, por lo que se abordar\u00e1 un an\u00e1lisis de la tarea cotidiana del docente, inserto en un contexto global, local e institucional, reconociendo sus complejidades, las herencias de una configuraci\u00f3n hist\u00f3rica y la relaci\u00f3n con los desaf\u00edos que plantean las pol\u00edticas educativas actuales.<\/p>\n<p>&nbsp;<\/p>\n<p><strong>Duraci\u00f3n 4 a\u00f1os<\/strong><\/p>\n<p><strong>Presencial.\u00a0<\/strong><\/p>\n<p>&nbsp;<\/p>\n","protected":false},"excerpt":{"rendered":"<p>La propuesta se inscribe dentro de una oferta de formaci\u00f3n continua que responde a las demandas y problem\u00e1ticas propias del sistema educativo de la provincia, en este caso la gran cantidad de cargos docentes asignados a profesionales que no cuentan con la formaci\u00f3n pedag\u00f3gico-did\u00e1ctica correspondiente para la Educaci\u00f3n Secundaria. La finalidad general es aportar a &#8230; <a title=\"Profesorado de Educaci\u00f3n Secundaria en Matem\u00e1tica\" class=\"read-more\" href=\"https:\/\/ifdctchamical-lrj.infd.edu.ar\/sitio\/profesorado-de-educacion-secundaria-en-matematica\/\" aria-label=\"More on Profesorado de Educaci\u00f3n Secundaria en Matem\u00e1tica\">[+]<\/a><\/p>\n","protected":false},"author":31,"featured_media":0,"parent":0,"menu_order":0,"comment_status":"closed","ping_status":"closed","template":"","meta":[],"acf":[],"_links":{"self":[{"href":"https:\/\/ifdctchamical-lrj.infd.edu.ar\/sitio\/wp-json\/wp\/v2\/pages\/1061"}],"collection":[{"href":"https:\/\/ifdctchamical-lrj.infd.edu.ar\/sitio\/wp-json\/wp\/v2\/pages"}],"about":[{"href":"https:\/\/ifdctchamical-lrj.infd.edu.ar\/sitio\/wp-json\/wp\/v2\/types\/page"}],"author":[{"embeddable":true,"href":"https:\/\/ifdctchamical-lrj.infd.edu.ar\/sitio\/wp-json\/wp\/v2\/users\/31"}],"replies":[{"embeddable":true,"href":"https:\/\/ifdctchamical-lrj.infd.edu.ar\/sitio\/wp-json\/wp\/v2\/comments?post=1061"}],"version-history":[{"count":7,"href":"https:\/\/ifdctchamical-lrj.infd.edu.ar\/sitio\/wp-json\/wp\/v2\/pages\/1061\/revisions"}],"predecessor-version":[{"id":1211,"href":"https:\/\/ifdctchamical-lrj.infd.edu.ar\/sitio\/wp-json\/wp\/v2\/pages\/1061\/revisions\/1211"}],"wp:attachment":[{"href":"https:\/\/ifdctchamical-lrj.infd.edu.ar\/sitio\/wp-json\/wp\/v2\/media?parent=1061"}],"curies":[{"name":"wp","href":"https:\/\/api.w.org\/{rel}","templated":true}]}}