{"id":286,"date":"2016-10-31T13:17:59","date_gmt":"2016-10-31T16:17:59","guid":{"rendered":"https:\/\/ifdctchamical-lrj.infd.edu.ar\/sitio\/?page_id=286"},"modified":"2026-04-22T19:33:24","modified_gmt":"2026-04-22T22:33:24","slug":"inicio","status":"publish","type":"page","link":"https:\/\/ifdctchamical-lrj.infd.edu.ar\/sitio\/","title":{"rendered":"Inicio"},"content":{"rendered":"\n<figure class=\"wp-block-image size-full\"><img decoding=\"async\" loading=\"lazy\" width=\"1054\" height=\"1600\" src=\"https:\/\/ifdctchamical-lrj.infd.edu.ar\/sitio\/wp-content\/uploads\/2026\/04\/IMG-20260422-WA0030.jpg\" alt=\"\" class=\"wp-image-1755\" srcset=\"https:\/\/ifdctchamical-lrj.infd.edu.ar\/sitio\/wp-content\/uploads\/2026\/04\/IMG-20260422-WA0030.jpg 1054w, https:\/\/ifdctchamical-lrj.infd.edu.ar\/sitio\/wp-content\/uploads\/2026\/04\/IMG-20260422-WA0030-659x1000.jpg 659w, https:\/\/ifdctchamical-lrj.infd.edu.ar\/sitio\/wp-content\/uploads\/2026\/04\/IMG-20260422-WA0030-768x1166.jpg 768w, https:\/\/ifdctchamical-lrj.infd.edu.ar\/sitio\/wp-content\/uploads\/2026\/04\/IMG-20260422-WA0030-1012x1536.jpg 1012w\" sizes=\"(max-width: 1054px) 100vw, 1054px\" \/><\/figure>\n\n\n<div id=\"metaslider-id-403\" style=\"width: 100%;\" class=\"ml-slider-3-33-0 metaslider metaslider-flex metaslider-403 ml-slider ms-theme-default\" role=\"region\" aria-roledescription=\"Slideshow\" aria-label=\"Slideshow\">\n    <div id=\"metaslider_container_403\">\n        <div id=\"metaslider_403\" class=\"flexslider\">\n            <ul aria-live=\"polite\" class=\"slides\">\n                <li style=\"display: block; width: 100%;\" class=\"slide-607 ms-image\" aria-roledescription=\"slide\" aria-label=\"slide-607\"><a href=\"https:\/\/mapa.infd.edu.ar\/\" target=\"_blank\"><img src=\"https:\/\/ifdctchamical-lrj.infd.edu.ar\/sitio\/wp-content\/uploads\/2018\/06\/mapa_infd6-1100x200.png\" height=\"200\" width=\"1100\" alt=\"\" class=\"slider-403 slide-607\" title=\"mapa_infd6\" \/><\/a><\/li>\n                <li style=\"display: none; width: 100%;\" class=\"slide-609 ms-image\" aria-roledescription=\"slide\" aria-label=\"slide-609\"><a href=\"https:\/\/www.argentina.gob.ar\/educacion\/becas\" target=\"_blank\"><img src=\"https:\/\/ifdctchamical-lrj.infd.edu.ar\/sitio\/wp-content\/uploads\/2018\/06\/becas7-1100x200.png\" height=\"200\" width=\"1100\" alt=\"\" class=\"slider-403 slide-609\" title=\"becas7\" \/><\/a><\/li>\n                <li style=\"display: none; width: 100%;\" class=\"slide-635 ms-image\" aria-roledescription=\"slide\" aria-label=\"slide-635\"><a href=\"https:\/\/www.argentina.gob.ar\/tema\/estudiar\/formacion-docencia\" target=\"_blank\"><img src=\"https:\/\/ifdctchamical-lrj.infd.edu.ar\/sitio\/wp-content\/uploads\/2018\/06\/convocatorias_slide6-1-1100x200.png\" height=\"200\" width=\"1100\" alt=\"\" class=\"slider-403 slide-635\" title=\"convocatorias_slide6-1\" \/><\/a><\/li>\n            <\/ul>\n        <\/div>\n        \n    <\/div>\n<\/div>\n<p>\u00a0<\/p>\n<table id=\"table1\" style=\"text-align: center; width: 100%;\" border=\"1\" cellspacing=\"0\" cellpadding=\"10\">\n<tbody>\n<tr>\n<td style=\"border: 1px solid;\">\n<p style=\"text-align: center;\"><span style=\"font-size: 24pt; color: #557faa; font-family: 'andale mono', times;\"><strong>I.S.F.D. <\/strong><\/span><\/p>\n<p style=\"text-align: center;\"><span style=\"font-size: 24pt; color: #557faa; font-family: 'andale mono', times;\"><strong>\u00abPROF. TERESA L. CAVERO\u00bb<\/strong><\/span><\/p>\n<p style=\"text-align: center;\"><span style=\"font-size: 24pt; color: #557faa; font-family: 'andale mono', times;\"><strong><strong>CHAMICAL &#8211; LA RIOJA<\/strong><\/strong><\/span><\/p>\n<p style=\"text-align: center;\"><strong>\u00a0<\/strong> \u00a0\u00a0 <img decoding=\"async\" src=\"https:\/\/ifdctchamical-lrj.infd.edu.ar\/sitio\/wp-content\/uploads\/2021\/03\/DIAPO-1.jpg\" alt=\"La imagen tiene un atributo ALT vac\u00edo; su nombre de archivo es DIAPO-1.jpg\" \/><img decoding=\"async\" loading=\"lazy\" style=\"visibility: hidden; width: 0px; height: 0px;\" src=\"http:\/\/c.gigcount.com\/wildfire\/IMP\/CXNID=2000002.0NXC\/bT*xJmx*PTEzMDU2MDA1OTU4NTkmcHQ9MTMwNTYwMDYwNDAxNSZwPTk3NTA3MiZkPTAwMCUyMC*lMjBWb2tpJTIwV2lkZ2V*Jmc9\/MSZvPWIxZmEwMzFlYTNhYzQ5N2NhYTA3ZjA3ODY*MmE4OTZlJm9mPTA=.gif\" width=\"0\" height=\"0\" border=\"0\" \/><\/p>\n<p style=\"text-align: center;\"><span style=\"font-size: 10pt; color: black; font-family: Verdana;\"><span style=\"font-family: arial,helvetica,sans-serif; color: #3e748e; font-size: 14pt;\"><span style=\"color: #ff0000;\"><strong><span style=\"font-family: courier new,courier;\"><span style=\"font-size: 18pt;\"><span style=\"font-size: 10pt;\"><span style=\"font-family: verdana,geneva;\">\u00a0\u00a0\u00a0\u00a0\u00a0 <img decoding=\"async\" loading=\"lazy\" style=\"visibility: hidden; width: 0px; height: 0px;\" src=\"http:\/\/c.gigcount.com\/wildfire\/IMP\/CXNID=2000002.0NXC\/bT*xJmx*PTEzMTA3NzQ3NzA4OTEmcHQ9MTMxMDc3NDc4NDA3MSZwPTk3NTA3MiZkPTAwMCUyMC*lMjBWb2tpJTIwV2lkZ2V*Jmc9\/MSZvPTM5Y2RiMDBlMWYxMTQwMTE4ZTlkYTM*MDE2OGZlODliJm9mPTA=.gif\" width=\"0\" height=\"0\" border=\"0\" \/> <\/span><\/span><\/span><\/span><\/strong><\/span><\/span><\/span><span style=\"font-size: 10pt; color: black; font-family: Verdana;\"><span style=\"font-family: arial,helvetica,sans-serif; color: #3e748e; font-size: 14pt;\"><span style=\"color: #ff0000;\"><strong><span style=\"font-family: courier new,courier;\"><span style=\"font-size: 18pt;\"><span style=\"font-size: 10pt;\"><span style=\"font-family: verdana,geneva;\">\u00a0<\/span><\/span><\/span><\/span><\/strong><\/span><\/span><\/span>\u00a0<img decoding=\"async\" title=\"Incluye Iconos para usar vi\u00f1etas\" src=\"https:\/\/ifdctchamical-lrj.infd.edu.ar\/sitio\/wp-content\/uploads\/2018\/08\/asterisk_orange.png\" alt=\"Incluye Iconos para usar vi\u00f1etas\" border=\"0\" \/>\u00a0<span style=\"font-size: 10pt;\"><span style=\"font-family: verdana,geneva;\">E<\/span><\/span><span style=\"font-size: 10pt;\"><span style=\"font-family: verdana,geneva;\"><span style=\"color: black;\">ste Instituto Superior de Formaci\u00f3n Docente forma parte del sistema de educaci\u00f3n p\u00fablica de gesti\u00f3n estatal.<\/span><\/span><\/span><\/p>\n<div style=\"text-align: center;\"><span style=\"font-size: 10pt;\"><span style=\"font-family: verdana,geneva;\"><span style=\"color: black;\"><img decoding=\"async\" loading=\"lazy\" style=\"visibility: hidden; width: 0px; height: 0px;\" src=\"http:\/\/c.gigcount.com\/wildfire\/IMP\/CXNID=2000002.0NXC\/bT*xJmx*PTEzMTA3NzQ3NzA4OTEmcHQ9MTMxMDc3NTA4NTQ4MiZwPTk3NTA3MiZkPTAwMCUyMC*lMjBWb2tpJTIwV2lkZ2V*Jmc9\/MSZvPTM5Y2RiMDBlMWYxMTQwMTE4ZTlkYTM*MDE2OGZlODliJm9mPTA=.gif\" width=\"0\" height=\"0\" border=\"0\" \/> <\/span><\/span><\/span>\u00a0<img decoding=\"async\" title=\"Incluye Iconos para usar vi\u00f1etas\" src=\"https:\/\/ifdctchamical-lrj.infd.edu.ar\/sitio\/wp-content\/uploads\/2018\/08\/asterisk_orange.png\" alt=\"Incluye Iconos para usar vi\u00f1etas\" border=\"0\" \/> A trav\u00e9s de este sitio en Internet, nuestro Instituto podr\u00e1 comunicar novedades, acercar informaci\u00f3n, compartir experiencias y brindar apoyo y asesoramiento a alumnos, docentes e interesados en formar parte de esta comunidad educativa.<\/div>\n<div style=\"text-align: center;\"><span style=\"font-size: 10pt;\"><span style=\"font-family: verdana,geneva;\"><span style=\"color: black;\">\u00a0<\/span><\/span><\/span><\/div>\n<p style=\"text-align: center;\"><span style=\"font-size: 14pt; color: black; font-family: Verdana;\"><img decoding=\"async\" loading=\"lazy\" title=\"Sirve como vi\u00f1eta\" src=\"https:\/\/ifdctchamical-lrj.infd.edu.ar\/sitio\/wp-content\/uploads\/2018\/08\/arrow_right.png\" alt=\"Sirve como vi\u00f1eta\" width=\"30\" height=\"13\" border=\"0\" \/>\u00a0<\/span><span style=\"font-size: 10pt; color: black; font-family: Verdana;\">Junto con varios cientos de Institutos, integramos la <strong><em><span style=\"font-family: Verdana;\">Red Virtual de Institutos Superiores de Formaci\u00f3n Docente<\/span><\/em><\/strong> coordinada por el <strong><span style=\"font-family: Verdana;\">INFD<\/span><\/strong> (Instituto Nacional de Formaci\u00f3n Docente) dependiente del Ministerio de Educaci\u00f3n de la Naci\u00f3n Argentina.<\/span><\/p>\n<hr \/>\n<h4 style=\"text-align: center;\"><span style=\"color: #0000ff;\"><strong>Actualmente la Instituci\u00f3n cuenta con el dictado de 2 carreras<\/strong>:<\/span><\/h4>\n<p style=\"text-align: left;\"><div  class=\"lgc-column lgc-grid-parent lgc-grid-33 lgc-tablet-grid-33 lgc-mobile-grid-33 lgc-equal-heights \"><div  class=\"inside-grid-column\"><\/div><\/div><\/p>\n<p>\u00a0<\/p>\n<h3 style=\"text-align: center;\"><span style=\"color: #3366ff;\"><strong>PROFESORADO DE EDUCACI\u00d3N SECUNDARIA EN HISTORIA\u00a0<\/strong> <\/span>\u00a0 \u00a0<\/h3>\n<p>\u00a0<\/p>\n<div style=\"width: 480px;\" class=\"wp-video\"><!--[if lt IE 9]><script>document.createElement('video');<\/script><![endif]-->\n<video class=\"wp-video-shortcode\" id=\"video-286-1\" width=\"480\" height=\"320\" preload=\"metadata\" controls=\"controls\"><source type=\"video\/mp4\" src=\"https:\/\/ifdctchamical-lrj.infd.edu.ar\/sitio\/wp-content\/uploads\/2024\/02\/PROFESORADO-HISTORIA.mp4?_=1\" \/><a href=\"https:\/\/ifdctchamical-lrj.infd.edu.ar\/sitio\/wp-content\/uploads\/2024\/02\/PROFESORADO-HISTORIA.mp4\">https:\/\/ifdctchamical-lrj.infd.edu.ar\/sitio\/wp-content\/uploads\/2024\/02\/PROFESORADO-HISTORIA.mp4<\/a><\/video><\/div>\n<p>\u00a0<\/p>\n<h3><span style=\"color: #ffcc00;\"><strong>PROFESORADO DE EDUCACI\u00d3N SECUNDARIA EN MATEM\u00c1TICA<\/strong><\/span><\/h3>\n<p>\u00a0<\/p>\n<div style=\"width: 480px;\" class=\"wp-video\"><video class=\"wp-video-shortcode\" id=\"video-286-2\" width=\"480\" height=\"320\" preload=\"metadata\" controls=\"controls\"><source type=\"video\/mp4\" src=\"https:\/\/ifdctchamical-lrj.infd.edu.ar\/sitio\/wp-content\/uploads\/2024\/02\/PROFESORADO-MATEMATICA.mp4?_=2\" \/><a href=\"https:\/\/ifdctchamical-lrj.infd.edu.ar\/sitio\/wp-content\/uploads\/2024\/02\/PROFESORADO-MATEMATICA.mp4\">https:\/\/ifdctchamical-lrj.infd.edu.ar\/sitio\/wp-content\/uploads\/2024\/02\/PROFESORADO-MATEMATICA.mp4<\/a><\/video><\/div>\n<p>\u00a0<\/p>\n<h6 style=\"text-align: left;\">mails: <span style=\"color: #339966;\"><span style=\"color: #0000ff;\">ifdc_tcavero@yahoo.com.ar<\/span>\u00a0<\/span><\/h6>\n<h6 style=\"text-align: left;\">\u00a0 \u00a0 \u00a0 \u00a0 \u00a0 \u00a0<span style=\"color: #339966;\">isfd_tcavero@hotmail.com<\/span><\/h6>\n<h6 style=\"text-align: left;\">\u00a0 \u00a0 \u00a0 \u00a0 \u00a0 \u00a0<span style=\"color: #ff0000;\">isfdtcavero2020@gmail.com<\/span><\/h6>\n<h6 style=\"text-align: left;\">\u00a0 \u00a0 \u00a0 \u00a0 \u00a0 \u00a0 \u00a0 \u00a0 \u00a0 \u00a0 \u00a0 \u00a0 \u00a0 \u00a0<\/h6>\n<h1>\u00a0<\/h1>\n<p style=\"text-align: center;\">\u00a0<\/p>\n<h1 style=\"text-align: center;\"><div id=\"metaslider-id-1248\" style=\"max-width: 350px;\" class=\"ml-slider-3-33-0 metaslider metaslider-flex metaslider-1248 ml-slider ms-theme-default\" role=\"region\" aria-roledescription=\"Slideshow\" aria-label=\"Slideshow\">\n    <div id=\"metaslider_container_1248\">\n        <div id=\"metaslider_1248\" class=\"flexslider\">\n            <ul aria-live=\"polite\" class=\"slides\">\n                <li style=\"display: block; width: 100%;\" class=\"slide-1272 ms-image\" aria-roledescription=\"slide\" aria-label=\"slide-1272\"><img width=\"685\" height=\"512\" src=\"https:\/\/ifdctchamical-lrj.infd.edu.ar\/sitio\/wp-content\/uploads\/2021\/03\/DIAPO-1.jpg\" class=\"slider-1248 slide-1272\" alt=\"\" decoding=\"async\" loading=\"lazy\" rel=\"\" title=\"DIAPO 1\" \/><\/li>\n                <li style=\"display: none; width: 100%;\" class=\"slide-1273 ms-image\" aria-roledescription=\"slide\" aria-label=\"slide-1273\"><img width=\"685\" height=\"512\" src=\"https:\/\/ifdctchamical-lrj.infd.edu.ar\/sitio\/wp-content\/uploads\/2021\/03\/DIAPO-2.jpg\" class=\"slider-1248 slide-1273\" alt=\"\" decoding=\"async\" loading=\"lazy\" rel=\"\" title=\"DIAPO 2\" \/><\/li>\n                <li style=\"display: none; width: 100%;\" class=\"slide-1274 ms-image\" aria-roledescription=\"slide\" aria-label=\"slide-1274\"><img width=\"685\" height=\"461\" src=\"https:\/\/ifdctchamical-lrj.infd.edu.ar\/sitio\/wp-content\/uploads\/2021\/03\/DIAPO-3.jpg\" class=\"slider-1248 slide-1274\" alt=\"\" decoding=\"async\" loading=\"lazy\" rel=\"\" title=\"DIAPO 3\" \/><\/li>\n                <li style=\"display: none; width: 100%;\" class=\"slide-1275 ms-image\" aria-roledescription=\"slide\" aria-label=\"slide-1275\"><img width=\"685\" height=\"494\" src=\"https:\/\/ifdctchamical-lrj.infd.edu.ar\/sitio\/wp-content\/uploads\/2021\/03\/DIAPO-4.jpg\" class=\"slider-1248 slide-1275\" alt=\"\" decoding=\"async\" loading=\"lazy\" rel=\"\" title=\"DIAPO 4\" \/><\/li>\n                <li style=\"display: none; width: 100%;\" class=\"slide-1276 ms-image\" aria-roledescription=\"slide\" aria-label=\"slide-1276\"><img width=\"685\" height=\"485\" src=\"https:\/\/ifdctchamical-lrj.infd.edu.ar\/sitio\/wp-content\/uploads\/2021\/03\/DIAPO-5.jpg\" class=\"slider-1248 slide-1276\" alt=\"\" decoding=\"async\" loading=\"lazy\" rel=\"\" title=\"DIAPO 5\" \/><\/li>\n                <li style=\"display: none; width: 100%;\" class=\"slide-1277 ms-image\" aria-roledescription=\"slide\" aria-label=\"slide-1277\"><img width=\"685\" height=\"491\" src=\"https:\/\/ifdctchamical-lrj.infd.edu.ar\/sitio\/wp-content\/uploads\/2021\/03\/DIAPO-6.jpg\" class=\"slider-1248 slide-1277\" alt=\"\" decoding=\"async\" loading=\"lazy\" rel=\"\" title=\"DIAPO 6\" \/><\/li>\n                <li style=\"display: none; width: 100%;\" class=\"slide-1278 ms-image\" aria-roledescription=\"slide\" aria-label=\"slide-1278\"><img width=\"685\" height=\"486\" src=\"https:\/\/ifdctchamical-lrj.infd.edu.ar\/sitio\/wp-content\/uploads\/2021\/03\/DIAPO-7.jpg\" class=\"slider-1248 slide-1278\" alt=\"\" decoding=\"async\" loading=\"lazy\" rel=\"\" title=\"DIAPO 7\" \/><\/li>\n                <li style=\"display: none; width: 100%;\" class=\"slide-1279 ms-image\" aria-roledescription=\"slide\" aria-label=\"slide-1279\"><img width=\"685\" height=\"467\" src=\"https:\/\/ifdctchamical-lrj.infd.edu.ar\/sitio\/wp-content\/uploads\/2021\/03\/DIAPO-8.jpg\" class=\"slider-1248 slide-1279\" alt=\"\" decoding=\"async\" loading=\"lazy\" rel=\"\" title=\"DIAPO 8\" \/><\/li>\n                <li style=\"display: none; width: 100%;\" class=\"slide-1280 ms-image\" aria-roledescription=\"slide\" aria-label=\"slide-1280\"><img width=\"685\" height=\"487\" src=\"https:\/\/ifdctchamical-lrj.infd.edu.ar\/sitio\/wp-content\/uploads\/2021\/03\/DIAPO-9.jpg\" class=\"slider-1248 slide-1280\" alt=\"\" decoding=\"async\" loading=\"lazy\" rel=\"\" title=\"DIAPO 9\" \/><\/li>\n                <li style=\"display: none; width: 100%;\" class=\"slide-1281 ms-image\" aria-roledescription=\"slide\" aria-label=\"slide-1281\"><img width=\"685\" height=\"467\" src=\"https:\/\/ifdctchamical-lrj.infd.edu.ar\/sitio\/wp-content\/uploads\/2021\/03\/DIAPO-10.jpg\" class=\"slider-1248 slide-1281\" alt=\"\" decoding=\"async\" loading=\"lazy\" rel=\"\" title=\"DIAPO 10\" \/><\/li>\n                <li style=\"display: none; width: 100%;\" class=\"slide-1282 ms-image\" aria-roledescription=\"slide\" aria-label=\"slide-1282\"><img width=\"685\" height=\"473\" src=\"https:\/\/ifdctchamical-lrj.infd.edu.ar\/sitio\/wp-content\/uploads\/2021\/03\/DIAPO-11.jpg\" class=\"slider-1248 slide-1282\" alt=\"\" decoding=\"async\" loading=\"lazy\" rel=\"\" title=\"DIAPO 11\" \/><\/li>\n                <li style=\"display: none; width: 100%;\" class=\"slide-1283 ms-image\" aria-roledescription=\"slide\" aria-label=\"slide-1283\"><img width=\"685\" height=\"492\" src=\"https:\/\/ifdctchamical-lrj.infd.edu.ar\/sitio\/wp-content\/uploads\/2021\/03\/DIAPO-12.jpg\" class=\"slider-1248 slide-1283\" alt=\"\" decoding=\"async\" loading=\"lazy\" rel=\"\" title=\"DIAPO 12\" \/><\/li>\n                <li style=\"display: none; width: 100%;\" class=\"slide-1284 ms-image\" aria-roledescription=\"slide\" aria-label=\"slide-1284\"><img width=\"685\" height=\"467\" src=\"https:\/\/ifdctchamical-lrj.infd.edu.ar\/sitio\/wp-content\/uploads\/2021\/03\/DIAPO-13.jpg\" class=\"slider-1248 slide-1284\" alt=\"\" decoding=\"async\" loading=\"lazy\" rel=\"\" title=\"DIAPO 13\" \/><\/li>\n                <li style=\"display: none; width: 100%;\" class=\"slide-1285 ms-image\" aria-roledescription=\"slide\" aria-label=\"slide-1285\"><img width=\"685\" height=\"472\" src=\"https:\/\/ifdctchamical-lrj.infd.edu.ar\/sitio\/wp-content\/uploads\/2021\/03\/DIAPO-14.jpg\" class=\"slider-1248 slide-1285\" alt=\"\" decoding=\"async\" loading=\"lazy\" rel=\"\" title=\"DIAPO 14\" \/><\/li>\n                <li style=\"display: none; width: 100%;\" class=\"slide-1286 ms-image\" aria-roledescription=\"slide\" aria-label=\"slide-1286\"><img width=\"685\" height=\"478\" src=\"https:\/\/ifdctchamical-lrj.infd.edu.ar\/sitio\/wp-content\/uploads\/2021\/03\/DIAPO-15.jpg\" class=\"slider-1248 slide-1286\" alt=\"\" decoding=\"async\" loading=\"lazy\" rel=\"\" title=\"DIAPO 15\" \/><\/li>\n                <li style=\"display: none; width: 100%;\" class=\"slide-1287 ms-image\" aria-roledescription=\"slide\" aria-label=\"slide-1287\"><img width=\"685\" height=\"471\" src=\"https:\/\/ifdctchamical-lrj.infd.edu.ar\/sitio\/wp-content\/uploads\/2021\/03\/DIAPO-16.jpg\" class=\"slider-1248 slide-1287\" alt=\"\" decoding=\"async\" loading=\"lazy\" rel=\"\" title=\"DIAPO 16\" \/><\/li>\n                <li style=\"display: none; width: 100%;\" class=\"slide-1288 ms-image\" aria-roledescription=\"slide\" aria-label=\"slide-1288\"><img width=\"685\" height=\"473\" src=\"https:\/\/ifdctchamical-lrj.infd.edu.ar\/sitio\/wp-content\/uploads\/2021\/03\/DIAPO-17.jpg\" class=\"slider-1248 slide-1288\" alt=\"\" decoding=\"async\" loading=\"lazy\" rel=\"\" title=\"DIAPO 17\" \/><\/li>\n                <li style=\"display: none; width: 100%;\" class=\"slide-1289 ms-image\" aria-roledescription=\"slide\" aria-label=\"slide-1289\"><img width=\"685\" height=\"473\" src=\"https:\/\/ifdctchamical-lrj.infd.edu.ar\/sitio\/wp-content\/uploads\/2021\/03\/DIAPO-18.jpg\" class=\"slider-1248 slide-1289\" alt=\"\" decoding=\"async\" loading=\"lazy\" rel=\"\" title=\"DIAPO 18\" \/><\/li>\n                <li style=\"display: none; width: 100%;\" class=\"slide-1290 ms-image\" aria-roledescription=\"slide\" aria-label=\"slide-1290\"><img width=\"685\" height=\"471\" src=\"https:\/\/ifdctchamical-lrj.infd.edu.ar\/sitio\/wp-content\/uploads\/2021\/03\/DIAPO-19.jpg\" class=\"slider-1248 slide-1290\" alt=\"\" decoding=\"async\" loading=\"lazy\" rel=\"\" title=\"DIAPO 19\" \/><\/li>\n                <li style=\"display: none; width: 100%;\" class=\"slide-1291 ms-image\" aria-roledescription=\"slide\" aria-label=\"slide-1291\"><img width=\"685\" height=\"474\" src=\"https:\/\/ifdctchamical-lrj.infd.edu.ar\/sitio\/wp-content\/uploads\/2021\/03\/DIAPO-20.jpg\" class=\"slider-1248 slide-1291\" alt=\"\" decoding=\"async\" loading=\"lazy\" rel=\"\" title=\"DIAPO 20\" \/><\/li>\n                <li style=\"display: none; width: 100%;\" class=\"slide-1292 ms-image\" aria-roledescription=\"slide\" aria-label=\"slide-1292\"><img width=\"685\" height=\"467\" src=\"https:\/\/ifdctchamical-lrj.infd.edu.ar\/sitio\/wp-content\/uploads\/2021\/03\/DIAPO-21.jpg\" class=\"slider-1248 slide-1292\" alt=\"\" decoding=\"async\" loading=\"lazy\" rel=\"\" title=\"DIAPO 21\" \/><\/li>\n                <li style=\"display: none; width: 100%;\" class=\"slide-1293 ms-image\" aria-roledescription=\"slide\" aria-label=\"slide-1293\"><img width=\"685\" height=\"475\" src=\"https:\/\/ifdctchamical-lrj.infd.edu.ar\/sitio\/wp-content\/uploads\/2021\/03\/DIAPO-22.jpg\" class=\"slider-1248 slide-1293\" alt=\"\" decoding=\"async\" loading=\"lazy\" rel=\"\" title=\"DIAPO 22\" \/><\/li>\n                <li style=\"display: none; width: 100%;\" class=\"slide-1294 ms-image\" aria-roledescription=\"slide\" aria-label=\"slide-1294\"><img width=\"685\" height=\"498\" src=\"https:\/\/ifdctchamical-lrj.infd.edu.ar\/sitio\/wp-content\/uploads\/2021\/03\/DIAPO-23.jpg\" class=\"slider-1248 slide-1294\" alt=\"\" decoding=\"async\" loading=\"lazy\" rel=\"\" title=\"DIAPO 23\" \/><\/li>\n            <\/ul>\n        <\/div>\n        \n    <\/div>\n<\/div><\/h1>\n<\/td>\n<\/tr>\n<\/tbody>\n<\/table>\n<h2>\u00a0<\/h2>\n<p>\u00a0<\/p>\n\n\n<figure class=\"wp-block-image\"><img alt=\"\"\/><\/figure>\n\n\n\n<hr class=\"wp-block-separator has-alpha-channel-opacity\"\/>\n\n\n\n<h2 class=\"wp-block-heading\"><strong><mark style=\"background-color:rgba(0, 0, 0, 0)\" class=\"has-inline-color has-accent-color\">Video como acceder a AI ChatGPT<\/mark><\/strong><\/h2>\n\n\n\n<figure class=\"wp-block-embed aligncenter is-type-video is-provider-youtube wp-block-embed-youtube wp-embed-aspect-16-9 wp-has-aspect-ratio\"><div class=\"wp-block-embed__wrapper\">\n<iframe loading=\"lazy\" title=\"Tutorial ChatGPT \u00bfQu\u00e9 es ChatGPT y c\u00f3mo funciona?\" width=\"1200\" height=\"675\" src=\"https:\/\/www.youtube.com\/embed\/3u1k7Jyn434?feature=oembed\" frameborder=\"0\" allow=\"accelerometer; autoplay; clipboard-write; encrypted-media; gyroscope; picture-in-picture; web-share\" referrerpolicy=\"strict-origin-when-cross-origin\" allowfullscreen><\/iframe>\n<\/div><\/figure>\n\n\n\n<hr class=\"wp-block-separator has-alpha-channel-opacity\"\/>\n\n\n\n<h2 class=\"wp-block-heading\"><strong><mark style=\"background-color:rgba(0, 0, 0, 0)\" class=\"has-inline-color has-accent-color\">Video de como interactuar con ChatGPT<\/mark><\/strong><\/h2>\n\n\n\n<p><a rel=\"noreferrer noopener\" href=\"https:\/\/youtu.be\/73dda14kCu0\" target=\"_blank\">https:\/\/youtu.be\/73dda14kCu0<\/a><\/p>\n\n\n\n<hr class=\"wp-block-separator has-alpha-channel-opacity\"\/>\n\n\n\n<h2 class=\"wp-block-heading\"><mark style=\"background-color:rgba(0, 0, 0, 0)\" class=\"has-inline-color has-accent-color\">228. Acompa\u00f1amiento a las trayectorias en la formaci\u00f3n docente inicial<em>. (Para Inscribirse hacer clic sobre el p\u00e1rrafo siguiente)<\/em><\/mark><\/h2>\n\n\n\n<p><a rel=\"noreferrer noopener\" href=\"https:\/\/infod.educacion.gob.ar\/cursos\/1940\" data-type=\"URL\" data-id=\"https:\/\/infod.educacion.gob.ar\/cursos\/1940\" target=\"_blank\">Este curso propone revisar el marco conceptual para el acompa\u00f1amiento a las trayectorias de estudiantes de la formaci\u00f3n docente. Para ello se analizar\u00e1n las condiciones pedag\u00f3gicas que hacen posible ese acompa\u00f1amiento y se abordar\u00e1n algunas cuestiones transversales que atraviesan la formaci\u00f3n de futuras\/os docentes de los distintos niveles del <\/a><\/p>\n\n\n\n<p><\/p>\n\n\n\n<p><\/p>\n\n\n\n<p><\/p>\n\n\n\n<figure class=\"wp-block-video\"><\/figure>\n\n\n\n<figure class=\"wp-block-video\"><\/figure>\n","protected":false},"excerpt":{"rendered":"<p>\u00a0 I.S.F.D. \u00abPROF. TERESA L. CAVERO\u00bb CHAMICAL &#8211; LA RIOJA \u00a0 \u00a0\u00a0 \u00a0\u00a0\u00a0\u00a0\u00a0 \u00a0\u00a0\u00a0Este Instituto Superior de Formaci\u00f3n Docente forma parte del sistema de educaci\u00f3n p\u00fablica de gesti\u00f3n estatal. \u00a0 A trav\u00e9s de este sitio en Internet, nuestro Instituto podr\u00e1 comunicar novedades, acercar informaci\u00f3n, compartir experiencias y brindar apoyo y asesoramiento a alumnos, docentes e &#8230; <a title=\"Inicio\" class=\"read-more\" href=\"https:\/\/ifdctchamical-lrj.infd.edu.ar\/sitio\/\" aria-label=\"More on Inicio\">[+]<\/a><\/p>\n","protected":false},"author":1,"featured_media":0,"parent":0,"menu_order":0,"comment_status":"closed","ping_status":"closed","template":"","meta":[],"acf":[],"_links":{"self":[{"href":"https:\/\/ifdctchamical-lrj.infd.edu.ar\/sitio\/wp-json\/wp\/v2\/pages\/286"}],"collection":[{"href":"https:\/\/ifdctchamical-lrj.infd.edu.ar\/sitio\/wp-json\/wp\/v2\/pages"}],"about":[{"href":"https:\/\/ifdctchamical-lrj.infd.edu.ar\/sitio\/wp-json\/wp\/v2\/types\/page"}],"author":[{"embeddable":true,"href":"https:\/\/ifdctchamical-lrj.infd.edu.ar\/sitio\/wp-json\/wp\/v2\/users\/1"}],"replies":[{"embeddable":true,"href":"https:\/\/ifdctchamical-lrj.infd.edu.ar\/sitio\/wp-json\/wp\/v2\/comments?post=286"}],"version-history":[{"count":267,"href":"https:\/\/ifdctchamical-lrj.infd.edu.ar\/sitio\/wp-json\/wp\/v2\/pages\/286\/revisions"}],"predecessor-version":[{"id":1756,"href":"https:\/\/ifdctchamical-lrj.infd.edu.ar\/sitio\/wp-json\/wp\/v2\/pages\/286\/revisions\/1756"}],"wp:attachment":[{"href":"https:\/\/ifdctchamical-lrj.infd.edu.ar\/sitio\/wp-json\/wp\/v2\/media?parent=286"}],"curies":[{"name":"wp","href":"https:\/\/api.w.org\/{rel}","templated":true}]}}