{"id":785,"date":"2018-08-30T16:16:39","date_gmt":"2018-08-30T19:16:39","guid":{"rendered":"https:\/\/ifdctchamical-lrj.infd.edu.ar\/sitio\/certificados\/"},"modified":"2021-08-18T23:04:29","modified_gmt":"2021-08-19T02:04:29","slug":"certificados","status":"publish","type":"page","link":"https:\/\/ifdctchamical-lrj.infd.edu.ar\/sitio\/certificados\/","title":{"rendered":"CERTIFICADOS"},"content":{"rendered":"<h1 style=\"text-align: center;\"><span style=\"font-family: andale mono, times;\"><span style=\"font-size: 18.6667px;\"><u>BIENVENIDOS A LA SECCI\u00d3N DE SOLICITUD DE CERTIFICADOS<\/u><\/span><\/span><\/h1>\n<h1 style=\"text-align: center;\"><span style=\"font-size: 14pt;\"><img decoding=\"async\" loading=\"lazy\" class=\"\" style=\"vertical-align: middle;\" src=\"https:\/\/ifdctchamical-lrj.infd.edu.ar\/aula\/archivos\/repositorio\/0\/31\/Diploma.bmp\" alt=\"\" width=\"67\" height=\"67\" border=\"0\" \/><\/span><\/h1>\n<p><span style=\"font-size: 12pt;\">Haga click en el submen\u00fa de acuerdo al tipo de certificado que necesita solicitar para llenar el formulario correspondiente.<\/span><\/p>\n<p><span style=\"font-size: 12pt;\">Tenga en cuenta que si solicita <strong><em><span style=\"color: #993366;\">Certificados de Alumno Regular<\/span><\/em><\/strong> y de <strong><em><span style=\"color: #993366;\">Constancia de T\u00edtulo en Tr\u00e1mite<\/span><\/em><\/strong>, los mismos estar\u00e1n disponibles para ser retirados\u00a0<strong><span style=\"color: #ff0000;\">24 hs<\/span><\/strong> despu\u00e9s de haber sido solicitados.\u00a0<\/span><\/p>\n<p><span style=\"font-size: 12pt;\"><span style=\"color: #ff0000;\"><strong><em>S<\/em><em>IN EXCEPCI\u00d3N!!!!!!!!!<\/em><\/strong><\/span><\/span><\/p>\n<p><span style=\"font-size: 12pt;\">En caso de solicitar un <strong><span style=\"color: #993366;\"><em>Certificado Anal\u00edtico<\/em><\/span><\/strong>, el mismo deber\u00e1 retirarse a partir de las pr\u00f3ximas <strong><span style=\"color: #ff0000;\">72 Hs<\/span><\/strong>. de haber completado el correspondiente formulario.\u00a0<\/span><\/p>\n<p><span style=\"font-size: 12pt;\"><strong><em><span style=\"color: #ff0000;\">S<\/span><\/em><span style=\"color: #ff0000;\"><em>IN EXCEPCI\u00d3N!!!!!!!!!<\/em><\/span><\/strong><\/span><\/p>\n<p><span style=\"color: #000000; font-size: 12pt;\"><strong><em>Secretar\u00eda.-<\/em><\/strong><\/span><\/p>\n","protected":false},"excerpt":{"rendered":"<p>BIENVENIDOS A LA SECCI\u00d3N DE SOLICITUD DE CERTIFICADOS Haga click en el submen\u00fa de acuerdo al tipo de certificado que necesita solicitar para llenar el formulario correspondiente. Tenga en cuenta que si solicita Certificados de Alumno Regular y de Constancia de T\u00edtulo en Tr\u00e1mite, los mismos estar\u00e1n disponibles para ser retirados\u00a024 hs despu\u00e9s de haber &#8230; <a title=\"CERTIFICADOS\" class=\"read-more\" href=\"https:\/\/ifdctchamical-lrj.infd.edu.ar\/sitio\/certificados\/\" aria-label=\"More on CERTIFICADOS\">[+]<\/a><\/p>\n","protected":false},"author":31,"featured_media":0,"parent":0,"menu_order":0,"comment_status":"closed","ping_status":"closed","template":"","meta":[],"acf":[],"_links":{"self":[{"href":"https:\/\/ifdctchamical-lrj.infd.edu.ar\/sitio\/wp-json\/wp\/v2\/pages\/785"}],"collection":[{"href":"https:\/\/ifdctchamical-lrj.infd.edu.ar\/sitio\/wp-json\/wp\/v2\/pages"}],"about":[{"href":"https:\/\/ifdctchamical-lrj.infd.edu.ar\/sitio\/wp-json\/wp\/v2\/types\/page"}],"author":[{"embeddable":true,"href":"https:\/\/ifdctchamical-lrj.infd.edu.ar\/sitio\/wp-json\/wp\/v2\/users\/31"}],"replies":[{"embeddable":true,"href":"https:\/\/ifdctchamical-lrj.infd.edu.ar\/sitio\/wp-json\/wp\/v2\/comments?post=785"}],"version-history":[{"count":3,"href":"https:\/\/ifdctchamical-lrj.infd.edu.ar\/sitio\/wp-json\/wp\/v2\/pages\/785\/revisions"}],"predecessor-version":[{"id":1368,"href":"https:\/\/ifdctchamical-lrj.infd.edu.ar\/sitio\/wp-json\/wp\/v2\/pages\/785\/revisions\/1368"}],"wp:attachment":[{"href":"https:\/\/ifdctchamical-lrj.infd.edu.ar\/sitio\/wp-json\/wp\/v2\/media?parent=785"}],"curies":[{"name":"wp","href":"https:\/\/api.w.org\/{rel}","templated":true}]}}