{"id":822,"date":"2018-08-30T16:16:52","date_gmt":"2018-08-30T19:16:52","guid":{"rendered":"https:\/\/ifdctchamical-lrj.infd.edu.ar\/sitio\/profesorado-de-educacion-secundaria-en-historia\/"},"modified":"2021-02-05T21:12:56","modified_gmt":"2021-02-06T00:12:56","slug":"profesorado-de-educacion-secundaria-en-historia","status":"publish","type":"page","link":"https:\/\/ifdctchamical-lrj.infd.edu.ar\/sitio\/profesorado-de-educacion-secundaria-en-historia\/","title":{"rendered":"Profesorado de Educaci\u00f3n Secundaria en Historia"},"content":{"rendered":"<p><img decoding=\"async\" loading=\"lazy\" class=\"wp-image-952 aligncenter\" src=\"https:\/\/ifdctchamical-lrj.infd.edu.ar\/sitio\/wp-content\/uploads\/2020\/08\/Imagen-Prof.-en-Historia.png\" alt=\"\" width=\"278\" height=\"142\" \/><\/p>\n<p>&nbsp;<\/p>\n<p>El docente de Historia para el Nivel Secundario, se forma para ser el principal conductor del proceso de la ense\u00f1anza-aprendizaje en su \u00e1rea de especialidad, desarrollando y orientado los procesos de ense\u00f1anza de la Historia.<\/p>\n<p>Tambi\u00e9n tiene un adecuado dominio de los conocimientos en planificaci\u00f3n y desarrollo de pr\u00e1cticas en la que la historia aparezca articulada, fundamentada, que le permita cobrar sentido al alumno, generando entusiasmo por su estudio.<\/p>\n<p>En el ejercicio de la profesi\u00f3n, este profesional, de manera individual o en equipo, estar\u00e1 en condiciones de relacionar la Historia con otras \u00e1reas de conocimiento desde una concepci\u00f3n centrada en los procesos sociohistoricos o proponer actividades educativas con docentes de otras disciplinas en el marco de proyectos escolares.<\/p>\n<p><strong>PERFIL DEL EGRESADO:<\/strong><\/p>\n<p>El alumnos es formado para dictar asignaturas como:<\/p>\n<ul>\n<li>Historia.<\/li>\n<li>Formaci\u00f3n \u00c9tica y Ciudadana.<\/li>\n<li>Construcci\u00f3n Ciudadana.<\/li>\n<li>Proyecto de Investigaci\u00f3n e Intervenci\u00f3n Socio- Comunitaria.<\/li>\n<li>Ciencia, Tecnolog\u00eda y Sociedad.<\/li>\n<li>Sociolog\u00eda (habilitante).<\/li>\n<li>Antropolog\u00eda.<\/li>\n<li>Ciencias Pol\u00edticas (habilitantes).<\/li>\n<li>Historia y Patrimonio Cultural I.<\/li>\n<li>Historia y Patrimonio Cultural II.<\/li>\n<\/ul>\n<p>Cargos:<\/p>\n<ul>\n<li>Preceptor.<\/li>\n<li>Bibliotecario.<\/li>\n<\/ul>\n<p>&nbsp;<\/p>\n<p><em><strong>Duraci\u00f3n 4 a\u00f1os<\/strong><\/em><\/p>\n<p><em><strong>Presencial.<\/strong><\/em><\/p>\n<p>&nbsp;<\/p>\n","protected":false},"excerpt":{"rendered":"<p>&nbsp; El docente de Historia para el Nivel Secundario, se forma para ser el principal conductor del proceso de la ense\u00f1anza-aprendizaje en su \u00e1rea de especialidad, desarrollando y orientado los procesos de ense\u00f1anza de la Historia. Tambi\u00e9n tiene un adecuado dominio de los conocimientos en planificaci\u00f3n y desarrollo de pr\u00e1cticas en la que la historia &#8230; <a title=\"Profesorado de Educaci\u00f3n Secundaria en Historia\" class=\"read-more\" href=\"https:\/\/ifdctchamical-lrj.infd.edu.ar\/sitio\/profesorado-de-educacion-secundaria-en-historia\/\" aria-label=\"More on Profesorado de Educaci\u00f3n Secundaria en Historia\">[+]<\/a><\/p>\n","protected":false},"author":31,"featured_media":0,"parent":0,"menu_order":0,"comment_status":"closed","ping_status":"closed","template":"","meta":[],"acf":[],"_links":{"self":[{"href":"https:\/\/ifdctchamical-lrj.infd.edu.ar\/sitio\/wp-json\/wp\/v2\/pages\/822"}],"collection":[{"href":"https:\/\/ifdctchamical-lrj.infd.edu.ar\/sitio\/wp-json\/wp\/v2\/pages"}],"about":[{"href":"https:\/\/ifdctchamical-lrj.infd.edu.ar\/sitio\/wp-json\/wp\/v2\/types\/page"}],"author":[{"embeddable":true,"href":"https:\/\/ifdctchamical-lrj.infd.edu.ar\/sitio\/wp-json\/wp\/v2\/users\/31"}],"replies":[{"embeddable":true,"href":"https:\/\/ifdctchamical-lrj.infd.edu.ar\/sitio\/wp-json\/wp\/v2\/comments?post=822"}],"version-history":[{"count":6,"href":"https:\/\/ifdctchamical-lrj.infd.edu.ar\/sitio\/wp-json\/wp\/v2\/pages\/822\/revisions"}],"predecessor-version":[{"id":1202,"href":"https:\/\/ifdctchamical-lrj.infd.edu.ar\/sitio\/wp-json\/wp\/v2\/pages\/822\/revisions\/1202"}],"wp:attachment":[{"href":"https:\/\/ifdctchamical-lrj.infd.edu.ar\/sitio\/wp-json\/wp\/v2\/media?parent=822"}],"curies":[{"name":"wp","href":"https:\/\/api.w.org\/{rel}","templated":true}]}}