{"id":897,"date":"2020-08-07T20:42:55","date_gmt":"2020-08-07T23:42:55","guid":{"rendered":"https:\/\/ifdctchamical-lrj.infd.edu.ar\/sitio\/?page_id=897"},"modified":"2023-03-08T20:21:00","modified_gmt":"2023-03-08T23:21:00","slug":"inscripciones-a-examenes-2","status":"publish","type":"page","link":"https:\/\/ifdctchamical-lrj.infd.edu.ar\/sitio\/inscripciones-a-examenes-2\/","title":{"rendered":"INSCRIPCIONES A EX\u00c1MENES FINALES"},"content":{"rendered":"<p><img decoding=\"async\" loading=\"lazy\" class=\"alignnone wp-image-899 aligncenter\" src=\"https:\/\/ifdctchamical-lrj.infd.edu.ar\/sitio\/wp-content\/uploads\/2020\/08\/Examenes-Finales.png\" alt=\"\" width=\"336\" height=\"252\"><\/p>\n<h4>&nbsp; &nbsp; &nbsp; &nbsp;<strong>Sres. Estudiantes<\/strong>:<\/h4>\n<h4>&nbsp; &nbsp; &nbsp; &nbsp;Para rendir los <strong>Ex\u00e1menes Finales Virtuales<\/strong> deber\u00e1n:<\/h4>\n<ul>\n<li>\n<h4>Completar los Formularios de permisos de ex\u00e1menes con todos los datos correspondientes &nbsp;<strong>48 hs. antes de la fecha de examen<\/strong>.<\/h4>\n<\/li>\n<li>\n<h4>Las Sras. Bedeles tendr\u00e1n un plazo de <strong>24 hs.<\/strong> &nbsp;para corroborar que la solicitud se ajuste al r\u00e9gimen de correlatividad vigente, adem\u00e1s de <strong>Confirmar o Denegar<\/strong> el permiso, seg\u00fan corresponda.<\/h4>\n<\/li>\n<li>\n<h4>La Sra. Secretaria confeccionar\u00e1 las <strong>Actas Volantes<\/strong>, ratificando la validez de la solicitud.<\/h4>\n<\/li>\n<\/ul>\n<h4 style=\"text-align: right;\"><strong>Secretar\u00eda<\/strong><\/h4>\n<h4 style=\"text-align: right;\"><strong>I.S.F.D. \u00abProf. Teresa L. Cavero\u00bb<\/strong><\/h4>\n<p><img decoding=\"async\" loading=\"lazy\" class=\"wp-image-940 aligncenter\" src=\"https:\/\/ifdctchamical-lrj.infd.edu.ar\/sitio\/wp-content\/uploads\/2020\/08\/Escudo-2020-1.png\" alt=\"\" width=\"98\" height=\"114\"><\/p>\n<p>&nbsp;<\/p>\n","protected":false},"excerpt":{"rendered":"<p>&nbsp; &nbsp; &nbsp; &nbsp;Sres. Estudiantes: &nbsp; &nbsp; &nbsp; &nbsp;Para rendir los Ex\u00e1menes Finales Virtuales deber\u00e1n: Completar los Formularios de permisos de ex\u00e1menes con todos los datos correspondientes &nbsp;48 hs. antes de la fecha de examen. Las Sras. Bedeles tendr\u00e1n un plazo de 24 hs. &nbsp;para corroborar que la solicitud se ajuste al r\u00e9gimen de correlatividad &#8230; <a title=\"INSCRIPCIONES A EX\u00c1MENES FINALES\" class=\"read-more\" href=\"https:\/\/ifdctchamical-lrj.infd.edu.ar\/sitio\/inscripciones-a-examenes-2\/\" aria-label=\"More on INSCRIPCIONES A EX\u00c1MENES FINALES\">[+]<\/a><\/p>\n","protected":false},"author":43,"featured_media":0,"parent":0,"menu_order":0,"comment_status":"closed","ping_status":"closed","template":"","meta":[],"acf":[],"_links":{"self":[{"href":"https:\/\/ifdctchamical-lrj.infd.edu.ar\/sitio\/wp-json\/wp\/v2\/pages\/897"}],"collection":[{"href":"https:\/\/ifdctchamical-lrj.infd.edu.ar\/sitio\/wp-json\/wp\/v2\/pages"}],"about":[{"href":"https:\/\/ifdctchamical-lrj.infd.edu.ar\/sitio\/wp-json\/wp\/v2\/types\/page"}],"author":[{"embeddable":true,"href":"https:\/\/ifdctchamical-lrj.infd.edu.ar\/sitio\/wp-json\/wp\/v2\/users\/43"}],"replies":[{"embeddable":true,"href":"https:\/\/ifdctchamical-lrj.infd.edu.ar\/sitio\/wp-json\/wp\/v2\/comments?post=897"}],"version-history":[{"count":9,"href":"https:\/\/ifdctchamical-lrj.infd.edu.ar\/sitio\/wp-json\/wp\/v2\/pages\/897\/revisions"}],"predecessor-version":[{"id":1471,"href":"https:\/\/ifdctchamical-lrj.infd.edu.ar\/sitio\/wp-json\/wp\/v2\/pages\/897\/revisions\/1471"}],"wp:attachment":[{"href":"https:\/\/ifdctchamical-lrj.infd.edu.ar\/sitio\/wp-json\/wp\/v2\/media?parent=897"}],"curies":[{"name":"wp","href":"https:\/\/api.w.org\/{rel}","templated":true}]}}